{"id":15,"date":"2025-12-04T23:00:32","date_gmt":"2025-12-04T22:00:32","guid":{"rendered":"https:\/\/rando-montreteau.fr\/?post_type=product&#038;p=15"},"modified":"2025-12-11T21:04:03","modified_gmt":"2025-12-11T20:04:03","slug":"dossard-course-enfants-1-km-dehault-jeunes-7-ans","status":"publish","type":"product","link":"https:\/\/rando-montreteau.fr\/index.php\/produit\/dossard-course-enfants-1-km-dehault-jeunes-7-ans\/","title":{"rendered":"Dossard Course Enfants 1 km Dehault \u2013 Jeunes >7 ans"},"content":{"rendered":"<p>Cette \u00e9preuve de 1 km est con\u00e7ue pour les enfants de plus de 7 ans. Le parcours est parfaitement adapt\u00e9 aux jeunes coureurs d\u00e9butants, avec un encadrement bienveillant tout au long du trajet.<br data-start=\"2540\" data-end=\"2543\" \/>Le d\u00e9part se fait devant la salle des f\u00eates, o\u00f9 les familles peuvent encourager les participants. Une m\u00e9daille est offerte \u00e0 l\u2019arriv\u00e9e.<\/p>\n","protected":false},"excerpt":{"rendered":"<p data-start=\"2212\" data-end=\"2323\">Un parcours de 1 km pour les enfants de plus de 7 ans, id\u00e9al pour d\u00e9couvrir l\u2019ambiance d\u2019une course officielle.<\/p>\n","protected":false},"featured_media":106,"comment_status":"open","ping_status":"closed","template":"","meta":[],"product_brand":[],"product_cat":[16],"product_tag":[],"class_list":{"0":"post-15","1":"product","2":"type-product","3":"status-publish","4":"has-post-thumbnail","6":"product_cat-dossards","8":"first","9":"instock","10":"virtual","11":"purchasable","12":"product-type-simple"},"_links":{"self":[{"href":"https:\/\/rando-montreteau.fr\/index.php\/wp-json\/wp\/v2\/product\/15","targetHints":{"allow":["GET"]}}],"collection":[{"href":"https:\/\/rando-montreteau.fr\/index.php\/wp-json\/wp\/v2\/product"}],"about":[{"href":"https:\/\/rando-montreteau.fr\/index.php\/wp-json\/wp\/v2\/types\/product"}],"replies":[{"embeddable":true,"href":"https:\/\/rando-montreteau.fr\/index.php\/wp-json\/wp\/v2\/comments?post=15"}],"wp:featuredmedia":[{"embeddable":true,"href":"https:\/\/rando-montreteau.fr\/index.php\/wp-json\/wp\/v2\/media\/106"}],"wp:attachment":[{"href":"https:\/\/rando-montreteau.fr\/index.php\/wp-json\/wp\/v2\/media?parent=15"}],"wp:term":[{"taxonomy":"product_brand","embeddable":true,"href":"https:\/\/rando-montreteau.fr\/index.php\/wp-json\/wp\/v2\/product_brand?post=15"},{"taxonomy":"product_cat","embeddable":true,"href":"https:\/\/rando-montreteau.fr\/index.php\/wp-json\/wp\/v2\/product_cat?post=15"},{"taxonomy":"product_tag","embeddable":true,"href":"https:\/\/rando-montreteau.fr\/index.php\/wp-json\/wp\/v2\/product_tag?post=15"}],"curies":[{"name":"wp","href":"https:\/\/api.w.org\/{rel}","templated":true}]}}