{"id":17,"date":"2025-12-04T23:01:35","date_gmt":"2025-12-04T22:01:35","guid":{"rendered":"https:\/\/rando-montreteau.fr\/?post_type=product&#038;p=17"},"modified":"2025-12-11T21:03:51","modified_gmt":"2025-12-11T20:03:51","slug":"dossard-course-enfants-15-km-dehault-jeunes-10-ans","status":"publish","type":"product","link":"https:\/\/rando-montreteau.fr\/index.php\/produit\/dossard-course-enfants-15-km-dehault-jeunes-10-ans\/","title":{"rendered":"Dossard Course Enfants 1,5 km Dehault \u2013 Jeunes >10 ans"},"content":{"rendered":"<p>La course enfants 1,5 km est destin\u00e9e aux jeunes de plus de 10 ans souhaitant vivre une premi\u00e8re exp\u00e9rience de course organis\u00e9e. Le parcours est court, s\u00e9curis\u00e9, et bord\u00e9 de b\u00e9n\u00e9voles pour garantir une exp\u00e9rience agr\u00e9able et motivante.<br data-start=\"2049\" data-end=\"2052\" \/>D\u00e9part et arriv\u00e9e \u00e0 la salle des f\u00eates. Une m\u00e9daille sera remise \u00e0 chaque participant.<\/p>\n","protected":false},"excerpt":{"rendered":"<p data-start=\"1689\" data-end=\"1788\">Une course de 1,5 km pens\u00e9e pour les enfants de plus de 10 ans, sur un parcours s\u00e9curis\u00e9 et adapt\u00e9.<\/p>\n","protected":false},"featured_media":106,"comment_status":"open","ping_status":"closed","template":"","meta":[],"product_brand":[],"product_cat":[16],"product_tag":[],"class_list":{"0":"post-17","1":"product","2":"type-product","3":"status-publish","4":"has-post-thumbnail","6":"product_cat-dossards","8":"first","9":"instock","10":"virtual","11":"purchasable","12":"product-type-simple"},"_links":{"self":[{"href":"https:\/\/rando-montreteau.fr\/index.php\/wp-json\/wp\/v2\/product\/17","targetHints":{"allow":["GET"]}}],"collection":[{"href":"https:\/\/rando-montreteau.fr\/index.php\/wp-json\/wp\/v2\/product"}],"about":[{"href":"https:\/\/rando-montreteau.fr\/index.php\/wp-json\/wp\/v2\/types\/product"}],"replies":[{"embeddable":true,"href":"https:\/\/rando-montreteau.fr\/index.php\/wp-json\/wp\/v2\/comments?post=17"}],"wp:featuredmedia":[{"embeddable":true,"href":"https:\/\/rando-montreteau.fr\/index.php\/wp-json\/wp\/v2\/media\/106"}],"wp:attachment":[{"href":"https:\/\/rando-montreteau.fr\/index.php\/wp-json\/wp\/v2\/media?parent=17"}],"wp:term":[{"taxonomy":"product_brand","embeddable":true,"href":"https:\/\/rando-montreteau.fr\/index.php\/wp-json\/wp\/v2\/product_brand?post=17"},{"taxonomy":"product_cat","embeddable":true,"href":"https:\/\/rando-montreteau.fr\/index.php\/wp-json\/wp\/v2\/product_cat?post=17"},{"taxonomy":"product_tag","embeddable":true,"href":"https:\/\/rando-montreteau.fr\/index.php\/wp-json\/wp\/v2\/product_tag?post=17"}],"curies":[{"name":"wp","href":"https:\/\/api.w.org\/{rel}","templated":true}]}}