{"id":23,"date":"2025-12-04T23:05:06","date_gmt":"2025-12-04T22:05:06","guid":{"rendered":"https:\/\/rando-montreteau.fr\/?post_type=product&#038;p=23"},"modified":"2025-12-04T23:05:06","modified_gmt":"2025-12-04T22:05:06","slug":"soutenir-lassociation-adhesion-annuelle","status":"publish","type":"product","link":"https:\/\/rando-montreteau.fr\/index.php\/produit\/soutenir-lassociation-adhesion-annuelle\/","title":{"rendered":"Soutenir l\u2019association \u2013 Adh\u00e9sion annuelle"},"content":{"rendered":"<p data-start=\"485\" data-end=\"867\">Rejoignez l\u2019association <strong data-start=\"509\" data-end=\"542\">Les Randonneurs du Montreteau<\/strong> et participez activement \u00e0 la mise en valeur des chemins communaux de Dehault et des environs.<br data-start=\"637\" data-end=\"640\" \/>Votre adh\u00e9sion annuelle (10 \u20ac) permet de soutenir les actions men\u00e9es tout au long de l\u2019ann\u00e9e : entretien des sentiers, d\u00e9veloppement de nouveaux parcours, organisation d\u2019\u00e9v\u00e9nements locaux et promotion de la randonn\u00e9e pour tous.<\/p>\n<p data-start=\"869\" data-end=\"897\">En devenant adh\u00e9rent, vous :<\/p>\n<ul data-start=\"899\" data-end=\"1180\">\n<li data-start=\"899\" data-end=\"971\">\n<p data-start=\"901\" data-end=\"971\">contribuez directement \u00e0 la pr\u00e9servation et au balisage des chemins,<\/p>\n<\/li>\n<li data-start=\"972\" data-end=\"1040\">\n<p data-start=\"974\" data-end=\"1040\">participez aux sorties et activit\u00e9s propos\u00e9es par l\u2019association,<\/p>\n<\/li>\n<li data-start=\"1041\" data-end=\"1091\">\n<p data-start=\"1043\" data-end=\"1091\">soutenez une initiative locale ouverte \u00e0 tous,<\/p>\n<\/li>\n<li data-start=\"1092\" data-end=\"1180\">\n<p data-start=\"1094\" data-end=\"1180\">aidez \u00e0 faire d\u00e9couvrir le patrimoine naturel de la r\u00e9gion aux randonneurs de passage.<\/p>\n<\/li>\n<\/ul>\n<p data-start=\"1182\" data-end=\"1334\">Cette adh\u00e9sion est valable un an \u00e0 compter de votre inscription.<br data-start=\"1246\" data-end=\"1249\" \/>Merci de soutenir l\u2019association et de participer \u00e0 la dynamisation de nos chemins !<\/p>\n","protected":false},"excerpt":{"rendered":"<p data-start=\"190\" data-end=\"449\">Adh\u00e9rez pour un an \u00e0 l\u2019association <em data-start=\"225\" data-end=\"256\">Les Randonneurs du Montreteau<\/em> et participez \u00e0 la valorisation des chemins communaux, aux sorties de randonn\u00e9e et aux actions locales. Votre contribution de 10 \u20ac soutient l\u2019entretien des sentiers et la vie de l\u2019association.<\/p>\n","protected":false},"featured_media":24,"comment_status":"open","ping_status":"closed","template":"","meta":[],"product_brand":[],"product_cat":[17,16],"product_tag":[],"class_list":{"0":"post-23","1":"product","2":"type-product","3":"status-publish","4":"has-post-thumbnail","6":"product_cat-adhesions","7":"product_cat-dossards","9":"first","10":"instock","11":"virtual","12":"purchasable","13":"product-type-simple"},"_links":{"self":[{"href":"https:\/\/rando-montreteau.fr\/index.php\/wp-json\/wp\/v2\/product\/23","targetHints":{"allow":["GET"]}}],"collection":[{"href":"https:\/\/rando-montreteau.fr\/index.php\/wp-json\/wp\/v2\/product"}],"about":[{"href":"https:\/\/rando-montreteau.fr\/index.php\/wp-json\/wp\/v2\/types\/product"}],"replies":[{"embeddable":true,"href":"https:\/\/rando-montreteau.fr\/index.php\/wp-json\/wp\/v2\/comments?post=23"}],"wp:featuredmedia":[{"embeddable":true,"href":"https:\/\/rando-montreteau.fr\/index.php\/wp-json\/wp\/v2\/media\/24"}],"wp:attachment":[{"href":"https:\/\/rando-montreteau.fr\/index.php\/wp-json\/wp\/v2\/media?parent=23"}],"wp:term":[{"taxonomy":"product_brand","embeddable":true,"href":"https:\/\/rando-montreteau.fr\/index.php\/wp-json\/wp\/v2\/product_brand?post=23"},{"taxonomy":"product_cat","embeddable":true,"href":"https:\/\/rando-montreteau.fr\/index.php\/wp-json\/wp\/v2\/product_cat?post=23"},{"taxonomy":"product_tag","embeddable":true,"href":"https:\/\/rando-montreteau.fr\/index.php\/wp-json\/wp\/v2\/product_tag?post=23"}],"curies":[{"name":"wp","href":"https:\/\/api.w.org\/{rel}","templated":true}]}}